{"id":2,"date":"2025-04-17T20:58:37","date_gmt":"2025-04-17T18:58:37","guid":{"rendered":"http:\/\/testwp68-ai.you2.pl\/?page_id=2"},"modified":"2026-04-15T12:54:00","modified_gmt":"2026-04-15T10:54:00","slug":"przykladowa-strona","status":"publish","type":"page","link":"https:\/\/studiolato.pl\/","title":{"rendered":"Studio Lato"},"content":{"rendered":"<div class=\"wpb-content-wrapper\"><p>[vc_row type=&#8221;full-nopad&#8221;][vc_column css_animation=&#8221;left-to-right&#8221;]<div class=\"nm-banner-slider plugin-slick pagination-color-gray slick-slider slick-dots-disabled\" data-arrows=\"true\" data-infinite=\"true\">\r\n\t\t\t<div class=\"nm-banner content-full image-type-fluid text-color-dark subtitle-below\" style=\"\"><img loading=\"lazy\" decoding=\"async\" src=\"https:\/\/studiolato.pl\/wp-content\/uploads\/2026\/04\/hadaki_baltica-1200x848-1.jpg\" width=\"1200\" height=\"848\" alt=\"hadaki_baltica-1200&#215;848\" \/>\r\n\t\t\t\t<div class=\"nm-banner-content\">\r\n\t\t\t\t\t<div class=\"nm-banner-content-inner h_center v_center align_left\">\r\n\t\t\t\t\t\t<div class=\"nm-banner-text medium\" style=\"\">\r\n\t\t\t\t\t\t\t<div class=\"nm-banner-text-inner\"><h1 class=\"nm-banner-title\">Baltica<\/h1><h2 class=\"nm-banner-subtitle nm-alt-font\">Zobacz ca\u0142\u0105 kolekcj\u0119<\/h2><\/div>\r\n\t\t\t\t\t\t<\/div>\r\n\t\t\t\t\t<\/div>\r\n\t\t\t\t<\/div>\r\n\t\t\t<\/div>\r\n\t\t\t<div class=\"nm-banner content-full image-type-fluid text-color-dark subtitle-below\" style=\"\"><img loading=\"lazy\" decoding=\"async\" src=\"https:\/\/studiolato.pl\/wp-content\/uploads\/2026\/04\/simple_4-1200x848-1.jpg\" width=\"1200\" height=\"848\" alt=\"Hadaki Basic Collection\" \/>\r\n\t\t\t\t<div class=\"nm-banner-content\">\r\n\t\t\t\t\t<div class=\"nm-banner-content-inner h_center v_center align_left\">\r\n\t\t\t\t\t\t<div class=\"nm-banner-text xlarge\" style=\"\">\r\n\t\t\t\t\t\t\t<div class=\"nm-banner-text-inner nm-animated\" data-animate=\"fadeIn\"><h1 class=\"nm-banner-title\">Basic Collection<\/h1><\/div>\r\n\t\t\t\t\t\t<\/div>\r\n\t\t\t\t\t<\/div>\r\n\t\t\t\t<\/div>\r\n\t\t\t<\/div>\r\n\t\t\t<div class=\"nm-banner content-full image-type-fluid text-color-dark subtitle-below\" style=\"\"><img loading=\"lazy\" decoding=\"async\" src=\"https:\/\/studiolato.pl\/wp-content\/uploads\/2026\/04\/HC_ROOTS_banner_1_www-2500x1767-1.jpg\" width=\"2500\" height=\"1767\" alt=\"HC_ROOTS_banner_1_www-2500&#215;1767\" \/>\r\n\t\t\t\t<div class=\"nm-banner-content\">\r\n\t\t\t\t\t<div class=\"nm-banner-content-inner h_center v_center align_left\">\r\n\t\t\t\t\t\t<div class=\"nm-banner-text xlarge\" style=\"\">\r\n\t\t\t\t\t\t\t<div class=\"nm-banner-text-inner\"><h1 class=\"nm-banner-title\">Hadaki Crechers Roots<\/h1><h2 class=\"nm-banner-subtitle nm-alt-font\">figurki i solniczki<\/h2><\/div>\r\n\t\t\t\t\t\t<\/div>\r\n\t\t\t\t\t<\/div>\r\n\t\t\t\t<\/div>\r\n\t\t\t<\/div>\r\n\t\t\t<div class=\"nm-banner content-full image-type-fluid text-color-dark subtitle-below\" style=\"\"><img loading=\"lazy\" decoding=\"async\" src=\"https:\/\/studiolato.pl\/wp-content\/uploads\/2026\/04\/lato_banner_www-2500x1768-1.jpg\" width=\"2500\" height=\"1768\" alt=\"lato_banner_www-2500&#215;1768\" \/>\r\n\t\t\t\t<div class=\"nm-banner-content\">\r\n\t\t\t\t\t<div class=\"nm-banner-content-inner h_center v_center align_left\">\r\n\t\t\t\t\t\t<div class=\"nm-banner-text medium\" style=\"\">\r\n\t\t\t\t\t\t\t<div class=\"nm-banner-text-inner\"><h1 class=\"nm-banner-title\">Lato<\/h1><h2 class=\"nm-banner-subtitle nm-alt-font\">Ciesz si\u0119 latem przez ca\u0142y rok<\/h2><\/div>\r\n\t\t\t\t\t\t<\/div>\r\n\t\t\t\t\t<\/div>\r\n\t\t\t\t<\/div>\r\n\t\t\t<\/div><\/div>[vc_empty_space][\/vc_column][\/vc_row][vc_row][vc_column]<div class=\"woocommerce columns-4 \"><ul class=\"nm-products products xsmall-block-grid-1 small-block-grid-2 medium-block-grid-3 large-block-grid-4 grid-default layout-default attributes-position-details no-action-links\">\r\n<li class=\"product type-product post-1145 status-publish first instock product_cat-figurki product_cat-wazony shipping-taxable purchasable product-type-simple\" data-product-id=\"1145\">\r\n\t<div class=\"nm-shop-loop-product-wrap\">\r\n        \r\n        <div class=\"nm-shop-loop-thumbnail\">\r\n                        \r\n            <a href=\"https:\/\/studiolato.pl\/index.php\/produkt\/wazon\/\" class=\"nm-shop-loop-thumbnail-link woocommerce-LoopProduct-link\">\r\n            <img loading=\"lazy\" decoding=\"async\" width=\"350\" height=\"350\" src=\"https:\/\/studiolato.pl\/wp-content\/uploads\/woocommerce-placeholder-350x350.webp\" class=\"woocommerce-placeholder wp-post-image\" alt=\"Symbol zast\u0119pczy\" srcset=\"https:\/\/studiolato.pl\/wp-content\/uploads\/woocommerce-placeholder-350x350.webp 350w, https:\/\/studiolato.pl\/wp-content\/uploads\/woocommerce-placeholder-100x100.webp 100w, https:\/\/studiolato.pl\/wp-content\/uploads\/woocommerce-placeholder-680x680.webp 680w, https:\/\/studiolato.pl\/wp-content\/uploads\/woocommerce-placeholder-300x300.webp 300w, https:\/\/studiolato.pl\/wp-content\/uploads\/woocommerce-placeholder-1024x1024.webp 1024w, https:\/\/studiolato.pl\/wp-content\/uploads\/woocommerce-placeholder-150x150.webp 150w, https:\/\/studiolato.pl\/wp-content\/uploads\/woocommerce-placeholder-768x768.webp 768w, https:\/\/studiolato.pl\/wp-content\/uploads\/woocommerce-placeholder.webp 1200w\" sizes=\"auto, (max-width: 350px) 100vw, 350px\" \/>            <\/a>\r\n        <\/div>\r\n        \r\n        <div class=\"nm-shop-loop-details\">\r\n            <a href=\"#\" id=\"nm-wishlist-item-1145-button\" class=\"nm-wishlist-button nm-wishlist-item-1145-button\" data-product-id=\"1145\" title=\"Add to Wishlist\"><i class=\"nm-font nm-font-heart-o\"><\/i><\/a>\r\n            <div class=\"nm-shop-loop-title-price\">\r\n            <h3 class=\"woocommerce-loop-product__title\"><a href=\"https:\/\/studiolato.pl\/index.php\/produkt\/wazon\/\" class=\"nm-shop-loop-title-link woocommerce-LoopProduct-link\">Boogie \u2013 Wazon<\/a><\/h3>\r\n\t<span class=\"price\"><span class=\"woocommerce-Price-amount amount\"><bdi>7 500,00&nbsp;<span class=\"woocommerce-Price-currencySymbol\">&#122;&#322;<\/span><\/bdi><\/span><\/span>\r\n            <\/div>\r\n\r\n            <div class=\"nm-shop-loop-actions\">\r\n                        <\/div>\r\n        <\/div>\r\n        \r\n            <\/div>\r\n<\/li>\r\n<li class=\"product type-product post-1150 status-publish instock product_cat-kubki has-post-thumbnail shipping-taxable purchasable product-type-simple\" data-product-id=\"1150\">\r\n\t<div class=\"nm-shop-loop-product-wrap\">\r\n        \r\n        <div class=\"nm-shop-loop-thumbnail\">\r\n                        \r\n            <a href=\"https:\/\/studiolato.pl\/index.php\/produkt\/kubek-mazy-280-ml\/\" class=\"nm-shop-loop-thumbnail-link woocommerce-LoopProduct-link\">\r\n            <img loading=\"lazy\" decoding=\"async\" src=\"https:\/\/studiolato.pl\/wp-content\/themes\/savoy\/assets\/img\/placeholder.png\" data-src=\"https:\/\/studiolato.pl\/wp-content\/uploads\/2026\/04\/cup_Baltica_blue_white_www-350x207.jpg\" data-srcset=\"https:\/\/studiolato.pl\/wp-content\/uploads\/2026\/04\/cup_Baltica_blue_white_www-350x207.jpg 350w, https:\/\/studiolato.pl\/wp-content\/uploads\/2026\/04\/cup_Baltica_blue_white_www-300x177.jpg 300w, https:\/\/studiolato.pl\/wp-content\/uploads\/2026\/04\/cup_Baltica_blue_white_www-1024x604.jpg 1024w, https:\/\/studiolato.pl\/wp-content\/uploads\/2026\/04\/cup_Baltica_blue_white_www-768x453.jpg 768w, https:\/\/studiolato.pl\/wp-content\/uploads\/2026\/04\/cup_Baltica_blue_white_www-320x189.jpg 320w, https:\/\/studiolato.pl\/wp-content\/uploads\/2026\/04\/cup_Baltica_blue_white_www-480x283.jpg 480w, https:\/\/studiolato.pl\/wp-content\/uploads\/2026\/04\/cup_Baltica_blue_white_www-800x472.jpg 800w, https:\/\/studiolato.pl\/wp-content\/uploads\/2026\/04\/cup_Baltica_blue_white_www-680x401.jpg 680w, https:\/\/studiolato.pl\/wp-content\/uploads\/2026\/04\/cup_Baltica_blue_white_www.jpg 1300w\" alt=\"\" sizes=\"auto, (max-width: 350px) 100vw, 350px\" width=\"350\" height=\"207\" class=\"attachment-woocommerce_thumbnail size-woocommerce_thumbnail wp-post-image  lazyload\" \/>            <\/a>\r\n        <\/div>\r\n        \r\n        <div class=\"nm-shop-loop-details\">\r\n            <a href=\"#\" id=\"nm-wishlist-item-1150-button\" class=\"nm-wishlist-button nm-wishlist-item-1150-button\" data-product-id=\"1150\" title=\"Add to Wishlist\"><i class=\"nm-font nm-font-heart-o\"><\/i><\/a>\r\n            <div class=\"nm-shop-loop-title-price\">\r\n            <h3 class=\"woocommerce-loop-product__title\"><a href=\"https:\/\/studiolato.pl\/index.php\/produkt\/kubek-mazy-280-ml\/\" class=\"nm-shop-loop-title-link woocommerce-LoopProduct-link\">Kubek Mazy 280 ml<\/a><\/h3>\r\n\t<span class=\"price\"><span class=\"woocommerce-Price-amount amount\"><bdi>3 000,00&nbsp;<span class=\"woocommerce-Price-currencySymbol\">&#122;&#322;<\/span><\/bdi><\/span><\/span>\r\n            <\/div>\r\n\r\n            <div class=\"nm-shop-loop-actions\">\r\n                        <\/div>\r\n        <\/div>\r\n        \r\n            <\/div>\r\n<\/li>\r\n<li class=\"product type-product post-1159 status-publish instock product_cat-kubki has-post-thumbnail shipping-taxable purchasable product-type-simple\" data-product-id=\"1159\">\r\n\t<div class=\"nm-shop-loop-product-wrap\">\r\n        \r\n        <div class=\"nm-shop-loop-thumbnail\">\r\n                        \r\n            <a href=\"https:\/\/studiolato.pl\/index.php\/produkt\/kubek-tajga-280-ml-kopia\/\" class=\"nm-shop-loop-thumbnail-link woocommerce-LoopProduct-link\">\r\n            <img loading=\"lazy\" decoding=\"async\" src=\"https:\/\/studiolato.pl\/wp-content\/themes\/savoy\/assets\/img\/placeholder.png\" data-src=\"https:\/\/studiolato.pl\/wp-content\/uploads\/2026\/04\/Tajga_kubek_280_1_white_www-1200x708-1-350x207.jpg\" data-srcset=\"https:\/\/studiolato.pl\/wp-content\/uploads\/2026\/04\/Tajga_kubek_280_1_white_www-1200x708-1-350x207.jpg 350w, https:\/\/studiolato.pl\/wp-content\/uploads\/2026\/04\/Tajga_kubek_280_1_white_www-1200x708-1-300x177.jpg 300w, https:\/\/studiolato.pl\/wp-content\/uploads\/2026\/04\/Tajga_kubek_280_1_white_www-1200x708-1-1024x604.jpg 1024w, https:\/\/studiolato.pl\/wp-content\/uploads\/2026\/04\/Tajga_kubek_280_1_white_www-1200x708-1-768x453.jpg 768w, https:\/\/studiolato.pl\/wp-content\/uploads\/2026\/04\/Tajga_kubek_280_1_white_www-1200x708-1-320x189.jpg 320w, https:\/\/studiolato.pl\/wp-content\/uploads\/2026\/04\/Tajga_kubek_280_1_white_www-1200x708-1-480x283.jpg 480w, https:\/\/studiolato.pl\/wp-content\/uploads\/2026\/04\/Tajga_kubek_280_1_white_www-1200x708-1-800x472.jpg 800w, https:\/\/studiolato.pl\/wp-content\/uploads\/2026\/04\/Tajga_kubek_280_1_white_www-1200x708-1-680x401.jpg 680w, https:\/\/studiolato.pl\/wp-content\/uploads\/2026\/04\/Tajga_kubek_280_1_white_www-1200x708-1.jpg 1200w\" alt=\"\" sizes=\"auto, (max-width: 350px) 100vw, 350px\" width=\"350\" height=\"207\" class=\"attachment-woocommerce_thumbnail size-woocommerce_thumbnail wp-post-image  lazyload\" \/>            <\/a>\r\n        <\/div>\r\n        \r\n        <div class=\"nm-shop-loop-details\">\r\n            <a href=\"#\" id=\"nm-wishlist-item-1159-button\" class=\"nm-wishlist-button nm-wishlist-item-1159-button\" data-product-id=\"1159\" title=\"Add to Wishlist\"><i class=\"nm-font nm-font-heart-o\"><\/i><\/a>\r\n            <div class=\"nm-shop-loop-title-price\">\r\n            <h3 class=\"woocommerce-loop-product__title\"><a href=\"https:\/\/studiolato.pl\/index.php\/produkt\/kubek-tajga-280-ml-kopia\/\" class=\"nm-shop-loop-title-link woocommerce-LoopProduct-link\">Kubek Tajga 280 ml<\/a><\/h3>\r\n\t<span class=\"price\"><span class=\"woocommerce-Price-amount amount\"><bdi>3 000,00&nbsp;<span class=\"woocommerce-Price-currencySymbol\">&#122;&#322;<\/span><\/bdi><\/span><\/span>\r\n            <\/div>\r\n\r\n            <div class=\"nm-shop-loop-actions\">\r\n                        <\/div>\r\n        <\/div>\r\n        \r\n            <\/div>\r\n<\/li>\r\n<li class=\"product type-product post-1135 status-publish last instock product_cat-figurki has-post-thumbnail shipping-taxable purchasable product-type-simple\" data-product-id=\"1135\">\r\n\t<div class=\"nm-shop-loop-product-wrap\">\r\n        \r\n        <div class=\"nm-shop-loop-thumbnail\">\r\n                        \r\n            <a href=\"https:\/\/studiolato.pl\/index.php\/produkt\/momo-big-figurine\/\" class=\"nm-shop-loop-thumbnail-link woocommerce-LoopProduct-link\">\r\n            <img loading=\"lazy\" decoding=\"async\" src=\"https:\/\/studiolato.pl\/wp-content\/themes\/savoy\/assets\/img\/placeholder.png\" data-src=\"https:\/\/studiolato.pl\/wp-content\/uploads\/2016\/10\/blubr_1_5-350x350.jpg\" data-srcset=\"https:\/\/studiolato.pl\/wp-content\/uploads\/2016\/10\/blubr_1_5-350x350.jpg 350w, https:\/\/studiolato.pl\/wp-content\/uploads\/2016\/10\/blubr_1_5-300x300.jpg 300w, https:\/\/studiolato.pl\/wp-content\/uploads\/2016\/10\/blubr_1_5-1024x1024.jpg 1024w, https:\/\/studiolato.pl\/wp-content\/uploads\/2016\/10\/blubr_1_5-150x150.jpg 150w, https:\/\/studiolato.pl\/wp-content\/uploads\/2016\/10\/blubr_1_5-768x768.jpg 768w, https:\/\/studiolato.pl\/wp-content\/uploads\/2016\/10\/blubr_1_5-1536x1536.jpg 1536w, https:\/\/studiolato.pl\/wp-content\/uploads\/2016\/10\/blubr_1_5-2048x2048.jpg 2048w, https:\/\/studiolato.pl\/wp-content\/uploads\/2016\/10\/blubr_1_5-680x680.jpg 680w, https:\/\/studiolato.pl\/wp-content\/uploads\/2016\/10\/blubr_1_5-100x100.jpg 100w\" alt=\"\" sizes=\"auto, (max-width: 350px) 100vw, 350px\" width=\"350\" height=\"350\" class=\"attachment-woocommerce_thumbnail size-woocommerce_thumbnail wp-post-image  lazyload\" \/>            <\/a>\r\n        <\/div>\r\n        \r\n        <div class=\"nm-shop-loop-details\">\r\n            <a href=\"#\" id=\"nm-wishlist-item-1135-button\" class=\"nm-wishlist-button nm-wishlist-item-1135-button\" data-product-id=\"1135\" title=\"Add to Wishlist\"><i class=\"nm-font nm-font-heart-o\"><\/i><\/a>\r\n            <div class=\"nm-shop-loop-title-price\">\r\n            <h3 class=\"woocommerce-loop-product__title\"><a href=\"https:\/\/studiolato.pl\/index.php\/produkt\/momo-big-figurine\/\" class=\"nm-shop-loop-title-link woocommerce-LoopProduct-link\">Momo &#8211; Big Figurine<\/a><\/h3>\r\n\t<span class=\"price\"><span class=\"woocommerce-Price-amount amount\"><bdi>2 000,00&nbsp;<span class=\"woocommerce-Price-currencySymbol\">&#122;&#322;<\/span><\/bdi><\/span><\/span>\r\n            <\/div>\r\n\r\n            <div class=\"nm-shop-loop-actions\">\r\n                        <\/div>\r\n        <\/div>\r\n        \r\n            <\/div>\r\n<\/li>\r\n<li class=\"product type-product post-1164 status-publish first instock product_cat-wazony has-post-thumbnail shipping-taxable purchasable product-type-simple\" data-product-id=\"1164\">\r\n\t<div class=\"nm-shop-loop-product-wrap\">\r\n        \r\n        <div class=\"nm-shop-loop-thumbnail\">\r\n                        \r\n            <a href=\"https:\/\/studiolato.pl\/index.php\/produkt\/wazon-baltica-blue\/\" class=\"nm-shop-loop-thumbnail-link woocommerce-LoopProduct-link\">\r\n            <img loading=\"lazy\" decoding=\"async\" src=\"https:\/\/studiolato.pl\/wp-content\/themes\/savoy\/assets\/img\/placeholder.png\" data-src=\"https:\/\/studiolato.pl\/wp-content\/uploads\/2026\/04\/HADAKI_wazon_Baltica_blue_WHITE_web-768x787-1-350x359.gif\" data-srcset=\"https:\/\/studiolato.pl\/wp-content\/uploads\/2026\/04\/HADAKI_wazon_Baltica_blue_WHITE_web-768x787-1-350x359.gif 350w, https:\/\/studiolato.pl\/wp-content\/uploads\/2026\/04\/HADAKI_wazon_Baltica_blue_WHITE_web-768x787-1-293x300.gif 293w, https:\/\/studiolato.pl\/wp-content\/uploads\/2026\/04\/HADAKI_wazon_Baltica_blue_WHITE_web-768x787-1-320x328.gif 320w, https:\/\/studiolato.pl\/wp-content\/uploads\/2026\/04\/HADAKI_wazon_Baltica_blue_WHITE_web-768x787-1-480x492.gif 480w, https:\/\/studiolato.pl\/wp-content\/uploads\/2026\/04\/HADAKI_wazon_Baltica_blue_WHITE_web-768x787-1-680x697.gif 680w\" alt=\"\" sizes=\"auto, (max-width: 350px) 100vw, 350px\" width=\"350\" height=\"359\" class=\"attachment-woocommerce_thumbnail size-woocommerce_thumbnail wp-post-image  lazyload\" \/>            <\/a>\r\n        <\/div>\r\n        \r\n        <div class=\"nm-shop-loop-details\">\r\n            <a href=\"#\" id=\"nm-wishlist-item-1164-button\" class=\"nm-wishlist-button nm-wishlist-item-1164-button\" data-product-id=\"1164\" title=\"Add to Wishlist\"><i class=\"nm-font nm-font-heart-o\"><\/i><\/a>\r\n            <div class=\"nm-shop-loop-title-price\">\r\n            <h3 class=\"woocommerce-loop-product__title\"><a href=\"https:\/\/studiolato.pl\/index.php\/produkt\/wazon-baltica-blue\/\" class=\"nm-shop-loop-title-link woocommerce-LoopProduct-link\">Wazon Baltica Blue<\/a><\/h3>\r\n\t<span class=\"price\"><span class=\"woocommerce-Price-amount amount\"><bdi>1 222,00&nbsp;<span class=\"woocommerce-Price-currencySymbol\">&#122;&#322;<\/span><\/bdi><\/span><\/span>\r\n            <\/div>\r\n\r\n            <div class=\"nm-shop-loop-actions\">\r\n                        <\/div>\r\n        <\/div>\r\n        \r\n            <\/div>\r\n<\/li>\r\n<\/ul>\r\n<\/div>[\/vc_column][\/vc_row]<\/p>\n<\/div>","protected":false},"excerpt":{"rendered":"<p>[vc_row type=&#8221;full-nopad&#8221;][vc_column css_animation=&#8221;left-to-right&#8221;][vc_empty_space][\/vc_column][\/vc_row][vc_row][vc_column][\/vc_column][\/vc_row]<\/p>\n","protected":false},"author":1,"featured_media":0,"parent":0,"menu_order":0,"comment_status":"closed","ping_status":"open","template":"","meta":{"_acf_changed":false,"footnotes":""},"class_list":["post-2","page","type-page","status-publish","hentry"],"acf":[],"jetpack_sharing_enabled":true,"_links":{"self":[{"href":"https:\/\/studiolato.pl\/index.php\/wp-json\/wp\/v2\/pages\/2","targetHints":{"allow":["GET"]}}],"collection":[{"href":"https:\/\/studiolato.pl\/index.php\/wp-json\/wp\/v2\/pages"}],"about":[{"href":"https:\/\/studiolato.pl\/index.php\/wp-json\/wp\/v2\/types\/page"}],"author":[{"embeddable":true,"href":"https:\/\/studiolato.pl\/index.php\/wp-json\/wp\/v2\/users\/1"}],"replies":[{"embeddable":true,"href":"https:\/\/studiolato.pl\/index.php\/wp-json\/wp\/v2\/comments?post=2"}],"version-history":[{"count":9,"href":"https:\/\/studiolato.pl\/index.php\/wp-json\/wp\/v2\/pages\/2\/revisions"}],"predecessor-version":[{"id":1217,"href":"https:\/\/studiolato.pl\/index.php\/wp-json\/wp\/v2\/pages\/2\/revisions\/1217"}],"wp:attachment":[{"href":"https:\/\/studiolato.pl\/index.php\/wp-json\/wp\/v2\/media?parent=2"}],"curies":[{"name":"wp","href":"https:\/\/api.w.org\/{rel}","templated":true}]}}