{"id":1150,"date":"2026-04-04T23:34:46","date_gmt":"2026-04-04T21:34:46","guid":{"rendered":"https:\/\/studiolato.pl\/?post_type=product&#038;p=1150"},"modified":"2026-04-04T23:34:46","modified_gmt":"2026-04-04T21:34:46","slug":"kubek-mazy-280-ml","status":"publish","type":"product","link":"https:\/\/studiolato.pl\/index.php\/produkt\/kubek-mazy-280-ml\/","title":{"rendered":"Kubek Mazy 280 ml"},"content":{"rendered":"<p>Kubek Mazy pi\u0119kny i ponadczasowy<\/p>\n<p>Mo\u017cna my\u0107 w zmywarce<\/p>\n","protected":false},"excerpt":{"rendered":"<p>Kubek Mazy pi\u0119kny i ponadczasowy Mo\u017cna my\u0107 w zmywarce<\/p>\n","protected":false},"featured_media":1151,"template":"","meta":{"_acf_changed":false},"product_brand":[],"product_cat":[38],"product_tag":[],"class_list":{"0":"post-1150","1":"product","2":"type-product","3":"status-publish","4":"has-post-thumbnail","6":"product_cat-kubki","8":"first","9":"instock","10":"shipping-taxable","11":"purchasable","12":"product-type-simple"},"acf":[],"jetpack_sharing_enabled":true,"_links":{"self":[{"href":"https:\/\/studiolato.pl\/index.php\/wp-json\/wp\/v2\/product\/1150","targetHints":{"allow":["GET"]}}],"collection":[{"href":"https:\/\/studiolato.pl\/index.php\/wp-json\/wp\/v2\/product"}],"about":[{"href":"https:\/\/studiolato.pl\/index.php\/wp-json\/wp\/v2\/types\/product"}],"wp:featuredmedia":[{"embeddable":true,"href":"https:\/\/studiolato.pl\/index.php\/wp-json\/wp\/v2\/media\/1151"}],"wp:attachment":[{"href":"https:\/\/studiolato.pl\/index.php\/wp-json\/wp\/v2\/media?parent=1150"}],"wp:term":[{"taxonomy":"product_brand","embeddable":true,"href":"https:\/\/studiolato.pl\/index.php\/wp-json\/wp\/v2\/product_brand?post=1150"},{"taxonomy":"product_cat","embeddable":true,"href":"https:\/\/studiolato.pl\/index.php\/wp-json\/wp\/v2\/product_cat?post=1150"},{"taxonomy":"product_tag","embeddable":true,"href":"https:\/\/studiolato.pl\/index.php\/wp-json\/wp\/v2\/product_tag?post=1150"}],"curies":[{"name":"wp","href":"https:\/\/api.w.org\/{rel}","templated":true}]}}