{"id":1159,"date":"2026-04-05T16:25:26","date_gmt":"2026-04-05T14:25:26","guid":{"rendered":"https:\/\/studiolato.pl\/?post_type=product&#038;p=1159"},"modified":"2026-04-05T16:30:01","modified_gmt":"2026-04-05T14:30:01","slug":"kubek-tajga-280-ml-kopia","status":"publish","type":"product","link":"https:\/\/studiolato.pl\/index.php\/produkt\/kubek-tajga-280-ml-kopia\/","title":{"rendered":"Kubek Tajga 280 ml (Kopia)"},"content":{"rendered":"<p>Kubek Mazy pi\u0119kny i ponadczasowy<\/p>\n<p>Mo\u017cna my\u0107 w zmywarce<\/p>\n","protected":false},"excerpt":{"rendered":"<p>Kubek Mazy pi\u0119kny i ponadczasowy Mo\u017cna my\u0107 w zmywarce<\/p>\n","protected":false},"featured_media":1160,"template":"","meta":{"_acf_changed":false},"product_brand":[],"product_cat":[38],"product_tag":[],"class_list":{"0":"post-1159","1":"product","2":"type-product","3":"status-publish","4":"has-post-thumbnail","6":"product_cat-kubki","8":"first","9":"instock","10":"shipping-taxable","11":"purchasable","12":"product-type-simple"},"acf":[],"jetpack_sharing_enabled":true,"_links":{"self":[{"href":"https:\/\/studiolato.pl\/index.php\/wp-json\/wp\/v2\/product\/1159","targetHints":{"allow":["GET"]}}],"collection":[{"href":"https:\/\/studiolato.pl\/index.php\/wp-json\/wp\/v2\/product"}],"about":[{"href":"https:\/\/studiolato.pl\/index.php\/wp-json\/wp\/v2\/types\/product"}],"wp:featuredmedia":[{"embeddable":true,"href":"https:\/\/studiolato.pl\/index.php\/wp-json\/wp\/v2\/media\/1160"}],"wp:attachment":[{"href":"https:\/\/studiolato.pl\/index.php\/wp-json\/wp\/v2\/media?parent=1159"}],"wp:term":[{"taxonomy":"product_brand","embeddable":true,"href":"https:\/\/studiolato.pl\/index.php\/wp-json\/wp\/v2\/product_brand?post=1159"},{"taxonomy":"product_cat","embeddable":true,"href":"https:\/\/studiolato.pl\/index.php\/wp-json\/wp\/v2\/product_cat?post=1159"},{"taxonomy":"product_tag","embeddable":true,"href":"https:\/\/studiolato.pl\/index.php\/wp-json\/wp\/v2\/product_tag?post=1159"}],"curies":[{"name":"wp","href":"https:\/\/api.w.org\/{rel}","templated":true}]}}